{"id":29,"date":"2017-01-15T17:42:33","date_gmt":"2017-01-15T17:42:33","guid":{"rendered":"http:\/\/webredox.net\/demo\/wp\/cooper\/demo1\/?page_id=23"},"modified":"2021-05-09T13:15:38","modified_gmt":"2021-05-09T13:15:38","slug":"resume","status":"publish","type":"page","link":"https:\/\/mms-dz.com\/en\/resume\/","title":{"rendered":"R\u00e9alisations"},"content":{"rendered":"<div class=\"vc_row wpb_row vc_row-fluid\"><div class=\"wpb_column vc_column_container vc_col-sm-12\"><div class=\"vc_column-inner\"><div class=\"wpb_wrapper\"><div class=\"sec-resume\"><div class=\"custom-inner-holder\"><div class=\"custom-inner\" id=\"post-547\"><div class=\"row\"><div class=\"col-md-4\"><div class=\"resum-header workres\"><h3>Travaux d&#8217;\u00e9lectricit\u00e9<\/h3><\/div><\/div><div class=\"col-md-8\"><p><ul>\r\n \t<li>2004 Renouvellement du r\u00e9seau d\u2019\u00e9lectricit\u00e9 par le remplacement d\u2019anciennes lignes arienne par des nouvelles lignes avec l\u2019Entreprise KAHRAKIB et le mettre d'ouvrage SONATRACH -HMD<\/li>\r\n<\/ul><\/p><span class=\"custom-inner-dec\"><\/span><\/div><\/div><\/div><div class=\"custom-inner\" id=\"post-546\"><div class=\"row\"><div class=\"col-md-4\"><div class=\"resum-header workres\"><h3>Travaux de Maintenance<\/h3><\/div><\/div><div class=\"col-md-8\"><p><ul>\r\n \t<li>Disponibilit\u00e9 d\u2019un atelier affect\u00e9 pour la r\u00e9paration de tous types d\u2019engins<\/li>\r\n        <li>Disponibilit\u00e9 de M\u00e9caniciens Hautement qualifi\u00e9s.<\/li>\r\n        <li>Disponibilit\u00e9 des pi\u00e8ces de rechange.<\/li>\r\n<\/ul><\/p><span class=\"custom-inner-dec\"><\/span><\/div><\/div><\/div><div class=\"custom-inner\" id=\"post-46\"><div class=\"row\"><div class=\"col-md-4\"><div class=\"resum-header workres\"><i class=\"fa fa-briefcase\"><\/i><h3>Travaux g\u00e9ni civil<\/h3><\/div><\/div><div class=\"col-md-8\"><p>\r\n<ul>\r\n \t<li>2003 am\u00e9nagement de base de vie ENC SONATRACH<\/li>\r\n \t<li>2006 Air port de KBA avec SOMIAS<\/li>\r\n \t<li>2006Travaux d\u2019extension de base de vie Projet avec BP<\/li>\r\n        <li>Ouverture des pistes carrossable avec GTP<\/li>\r\n<\/ul><\/p><span class=\"custom-inner-dec\"><\/span><\/div><\/div><\/div><div class=\"custom-inner\" id=\"post-45\"><div class=\"row\"><div class=\"col-md-4\"><div class=\"resum-header workres\"><i class=\"fa fa-briefcase\"><\/i><h3>Travaux levage et manutentions<\/h3><\/div><\/div><div class=\"col-md-8\"><p><ul>\r\n \t<li>Mise a disposition des Grues 40T \/ 45T pour SARPI -ORASCOM \u2013 NAFTAL GPL-TOEC -SAIPEM.<\/li>\r\n \t<li>Manutention et montage des grands \u00e9quipements p\u00e9trolier avec: SARPI -SAIPEM<\/li>\r\n \t<li>Travaux de levage d\u2019\u00e9quipements p\u00e9trolier avec et Weatherford.<\/li>\r\n<\/ul><\/p><span class=\"custom-inner-dec\"><\/span><\/div><\/div><\/div><div class=\"custom-inner\" id=\"post-44\"><div class=\"row\"><div class=\"col-md-4\"><div class=\"resum-header workres\"><i class=\"fa fa-briefcase\"><\/i><h3>Travaux de transport<\/h3><\/div><\/div><div class=\"col-md-8\"><p><ul>\r\n \t<li>Mise a disposition des camions porte engins pour SARPI-SAIPEM<\/li>\r\n \t<li>Mise a disposition des v\u00e9hicules 4x4 pour le transport du personnel INSPECT<\/li>\r\n \t<li>Assure le transport du personnel.<\/li>\r\n        <li>Transport de mat\u00e9riel en partenariat avec BAOUCHI.<\/li>\r\n<\/ul>\r\n\r\n<\/p><span class=\"custom-inner-dec\"><\/span><\/div><\/div><\/div><\/div><\/div><\/div><\/div><\/div><\/div>","protected":false},"excerpt":{"rendered":"Mise a disposition des camions porte engins pour SARPI-SAIPEM Mise a disposition des v\u00e9hicules 4x4 pour le transport du personnel INSPECT Assure le transport du personnel. Transport de mat\u00e9riel en partenariat avec BAOUCHI.","protected":false},"author":1,"featured_media":33,"parent":0,"menu_order":0,"comment_status":"closed","ping_status":"closed","template":"home-page.php","meta":{"_mi_skip_tracking":false,"_links_to":"","_links_to_target":""},"_links":{"self":[{"href":"https:\/\/mms-dz.com\/en\/wp-json\/wp\/v2\/pages\/29"}],"collection":[{"href":"https:\/\/mms-dz.com\/en\/wp-json\/wp\/v2\/pages"}],"about":[{"href":"https:\/\/mms-dz.com\/en\/wp-json\/wp\/v2\/types\/page"}],"author":[{"embeddable":true,"href":"https:\/\/mms-dz.com\/en\/wp-json\/wp\/v2\/users\/1"}],"replies":[{"embeddable":true,"href":"https:\/\/mms-dz.com\/en\/wp-json\/wp\/v2\/comments?post=29"}],"version-history":[{"count":3,"href":"https:\/\/mms-dz.com\/en\/wp-json\/wp\/v2\/pages\/29\/revisions"}],"predecessor-version":[{"id":552,"href":"https:\/\/mms-dz.com\/en\/wp-json\/wp\/v2\/pages\/29\/revisions\/552"}],"wp:featuredmedia":[{"embeddable":true,"href":"https:\/\/mms-dz.com\/en\/wp-json\/wp\/v2\/media\/33"}],"wp:attachment":[{"href":"https:\/\/mms-dz.com\/en\/wp-json\/wp\/v2\/media?parent=29"}],"curies":[{"name":"wp","href":"https:\/\/api.w.org\/{rel}","templated":true}]}}