{"id":28,"date":"2017-01-15T17:42:06","date_gmt":"2017-01-15T17:42:06","guid":{"rendered":"http:\/\/webredox.net\/demo\/wp\/cooper\/demo1\/?page_id=21"},"modified":"2021-05-04T12:01:07","modified_gmt":"2021-05-04T12:01:07","slug":"about","status":"publish","type":"page","link":"https:\/\/mms-dz.com\/en\/about\/","title":{"rendered":"Pr\u00e9sentation"},"content":{"rendered":"<div class=\"vc_row wpb_row vc_row-fluid\"><div class=\"wpb_column vc_column_container vc_col-sm-12\"><div class=\"vc_column-inner\"><div class=\"wpb_wrapper\"><div class=\"sec-image post-media box-item vis-det fl-wrap\"><a data-src=\"https:\/\/mms-dz.com\/wp-content\/uploads\/2021\/01\/about.jpg\" class=\"image-popup\"><i class=\"fa fa-search\"><\/i><\/a><img src=\"https:\/\/mms-dz.com\/wp-content\/uploads\/2021\/01\/about.jpg\" style=\"width:;height:;float:;margin:;padding:;position:;top:;bottom:;right:;left:;\" alt=\"\" class=\"img-responsive respimg\"\/><\/div><div class=\"sec-title\"><h4 class=\"text-subtitle\" style=\"margin:30px 0px 0px;padding:; color:; font-size:; font-weight:; line-height:; text-align:; text-transform:;\">Sarl Meliah Makoudi services<\/h4><div class=\"text-title\"><h3><\/p>\n<h3>Location d'engins de levage et manutention<\/h3>\n<p><h3><\/div><\/div>\n\t\t     <div class=\"sec-text\" style=\"margin:;padding:; background:;\">\n\t\t\t <p style=\"color:; font-size:; font-weight:; line-height:; text-align:; text-transform:;\">MMS loue du mat\u00e9riel adapt\u00e9 \u00e0 toutes sortes d\u2019interventions. Ses clients sont des entreprises du forage p\u00e9trolier, des industries, comme des raffineries ou des chantiers de travaux publics et g\u00e9nie civil, tout en respectons les normes HSE les plus s\u00e9v\u00e8res.<br \/>\nMais la comp\u00e9tence de MMS va au-del\u00e0 de la simple prestation de services et des missions de base, avec une fonction d\u00e9sormais essentielle : le conseil en solutions techniques.<\/p>\n<p>R\u00e9sultat, l\u2019activit\u00e9 de MMS a connu un formidable coup d\u2019acc\u00e9l\u00e9rateur. Des investissements consid\u00e9rables ont \u00e9t\u00e9 consentis pour renouveler le parc mat\u00e9riel \u2013 de l\u2019ordre de 70 \u00e0 80 % du b\u00e9n\u00e9fice, d\u2019autant plus importants que le march\u00e9 de la location de mat\u00e9riel est en pleine expansion.<\/p>\n\t\t\t <\/div>\n                \n\t\t\t\t\n\t\t     <div class=\"sec-button\">\n\t\t\t <a class=\"btn hide-icon\" href=\"https:\/\/mms-dz.com\/en\/a-propos-de-nous\/\" target=\"\" style=\"margin:;padding:; background:; color:; border:; border-radius:; font-size:; font-weight:; float:;text-transform:;\"><i class=\"fa fa-eye\"><\/i><span>Voir Plus<\/span><\/a>\n\t\t\t <\/div>\n                \n\t\t\t\t\n\t\t    \n\n            <div class=\"\" style=\"width:100%;height:70px;float:left; background:; position:; margin:; padding:; border:; border-radius:;\"><\/div>\t\t\t\n\t\t\t\n\t\t\t\t<div class=\"sec-counter\"><div class=\"inline-facts-holder fl-wrap\"><div class=\"inline-facts\"><div class=\"milestone-counter\"><div class=\"stats animaper\"><div class=\"num\" data-content=\"2003\" data-num=\"2003\">0<\/div><\/div><\/div><h6>Am\u00e9nagements de base<\/h6><i class=\"fa fa-puzzle-piece\" aria-hidden=\"true\"><\/i><\/div><div class=\"inline-facts\"><div class=\"milestone-counter\"><div class=\"stats animaper\"><div class=\"num\" data-content=\"2006\" data-num=\"2006\">0<\/div><\/div><\/div><h6>Airs port de KBA<\/h6><i class=\"fa fa-trophy\" aria-hidden=\"true\"><\/i><\/div><div class=\"inline-facts\"><div class=\"milestone-counter\"><div class=\"stats animaper\"><div class=\"num\" data-content=\"2004\" data-num=\"2004\">0<\/div><\/div><\/div><h6>Travaux d\u2019\u00e9lectricit\u00e9<\/h6><i class=\"fa fa-child\" aria-hidden=\"true\"><\/i><\/div><div class=\"inline-facts\"><div class=\"milestone-counter\"><div class=\"stats animaper\"><div class=\"num\" data-content=\"2006\" data-num=\"2006\">0<\/div><\/div><\/div><h6>Confections des passages<\/h6><i class=\"fa fa-clock-o\" aria-hidden=\"true\"><\/i><\/div><\/div><\/div><\/div><\/div><\/div><\/div>","protected":false},"excerpt":{"rendered":"Sarl Meliah Makoudi services Location d'engins de levage et manutention MMS loue du mat\u00e9riel adapt\u00e9 \u00e0 toutes sortes d\u2019interventions. Ses clients sont des entreprises du forage p\u00e9trolier, des industries, comme des raffineries ou des chantiers de travaux publics et g\u00e9nie civil, tout en respectons les normes HSE les plus s\u00e9v\u00e8res. Mais la comp\u00e9tence de MMS [...]","protected":false},"author":1,"featured_media":420,"parent":0,"menu_order":0,"comment_status":"closed","ping_status":"closed","template":"home-page.php","meta":{"_mi_skip_tracking":false,"_links_to":"","_links_to_target":""},"_links":{"self":[{"href":"https:\/\/mms-dz.com\/en\/wp-json\/wp\/v2\/pages\/28"}],"collection":[{"href":"https:\/\/mms-dz.com\/en\/wp-json\/wp\/v2\/pages"}],"about":[{"href":"https:\/\/mms-dz.com\/en\/wp-json\/wp\/v2\/types\/page"}],"author":[{"embeddable":true,"href":"https:\/\/mms-dz.com\/en\/wp-json\/wp\/v2\/users\/1"}],"replies":[{"embeddable":true,"href":"https:\/\/mms-dz.com\/en\/wp-json\/wp\/v2\/comments?post=28"}],"version-history":[{"count":18,"href":"https:\/\/mms-dz.com\/en\/wp-json\/wp\/v2\/pages\/28\/revisions"}],"predecessor-version":[{"id":504,"href":"https:\/\/mms-dz.com\/en\/wp-json\/wp\/v2\/pages\/28\/revisions\/504"}],"wp:featuredmedia":[{"embeddable":true,"href":"https:\/\/mms-dz.com\/en\/wp-json\/wp\/v2\/media\/420"}],"wp:attachment":[{"href":"https:\/\/mms-dz.com\/en\/wp-json\/wp\/v2\/media?parent=28"}],"curies":[{"name":"wp","href":"https:\/\/api.w.org\/{rel}","templated":true}]}}